{"id":324,"date":"2023-04-23T15:48:52","date_gmt":"2023-04-23T15:48:52","guid":{"rendered":"http:\/\/capoeirarudaslaska.pl\/?page_id=324"},"modified":"2024-01-18T13:14:08","modified_gmt":"2024-01-18T13:14:08","slug":"capoeira","status":"publish","type":"page","link":"https:\/\/capoeirarudaslaska.pl\/index.php\/capoeira\/","title":{"rendered":"Capoeira"},"content":{"rendered":"\t\t<div data-elementor-type=\"wp-page\" data-elementor-id=\"324\" class=\"elementor elementor-324\">\n\t\t\t\t\t\t\t\t\t<section class=\"elementor-section elementor-top-section elementor-element elementor-element-551c935 elementor-section-boxed elementor-section-height-default elementor-section-height-default\" data-id=\"551c935\" data-element_type=\"section\">\n\t\t\t\t\t\t<div class=\"elementor-container elementor-column-gap-default\">\n\t\t\t\t\t<div class=\"elementor-column elementor-col-100 elementor-top-column elementor-element elementor-element-d5527ad\" data-id=\"d5527ad\" data-element_type=\"column\">\n\t\t\t<div class=\"elementor-widget-wrap elementor-element-populated\">\n\t\t\t\t\t\t\t\t<div class=\"elementor-element elementor-element-744e96e elementor-widget elementor-widget-text-editor\" data-id=\"744e96e\" data-element_type=\"widget\" data-widget_type=\"text-editor.default\">\n\t\t\t\t<div class=\"elementor-widget-container\">\n\t\t\t<style>\/*! elementor - v3.13.3 - 28-05-2023 *\/\n.elementor-widget-text-editor.elementor-drop-cap-view-stacked .elementor-drop-cap{background-color:#69727d;color:#fff}.elementor-widget-text-editor.elementor-drop-cap-view-framed .elementor-drop-cap{color:#69727d;border:3px solid;background-color:transparent}.elementor-widget-text-editor:not(.elementor-drop-cap-view-default) .elementor-drop-cap{margin-top:8px}.elementor-widget-text-editor:not(.elementor-drop-cap-view-default) .elementor-drop-cap-letter{width:1em;height:1em}.elementor-widget-text-editor .elementor-drop-cap{float:left;text-align:center;line-height:1;font-size:50px}.elementor-widget-text-editor .elementor-drop-cap-letter{display:inline-block}<\/style>\t\t\t\t<p style=\"text-align: center;\"><span style=\"color: #000000;\">Korzenie tego fascynuj\u0105cego sportu si\u0119gaj\u0105 roku 1500, kiedy to Portugalczycy przybyli do Brazylii by zak\u0142ada\u0107 tam plantacje trzciny cukrowej i bawe\u0142ny. Przywie\u017ali oni ze sob\u0105 afryka\u0144skich niewolnik\u00f3w pochodz\u0105cych z r\u00f3\u017cnych plemion. Stanowili oni dla portugalczyk\u00f3w tani\u0105 si\u0142\u0119 robocz\u0105.<\/span><\/p><p style=\"text-align: center;\"><span style=\"color: #000000;\">Niewolnicy Ci prezentowali r\u00f3\u017cne kultury, kt\u00f3re z czasem zacz\u0119to ze sob\u0105 \u0142\u0105czy\u0107. Tak w\u0142a\u015bnie zacz\u0119\u0142a rodzi\u0107 si\u0119 Capoeira. By\u0142a ona ucieczk\u0105 od ci\u0119\u017ckiej pracy, zabaw\u0105, a tak\u017ce narz\u0119dziem walki, kt\u00f3re zawsze mo\u017cna by\u0142o wykorzysta\u0107. Takie okazje przydarzy\u0142y si\u0119 wraz z atakami holendr\u00f3w i hiszpan\u00f3w na kolonie portugalskie. Du\u017ca grupa afryka\u0144czyk\u00f3w uciek\u0142a wtedy do dziczy, gdzie zacz\u0119li zak\u0142ada\u0107 w\u0142asne osady, a capoeira sta\u0142a si\u0119 sposobem na ich obron\u0119. Mimo tego, \u017ce by\u0142a ona zabronion\u0105 sztuk\u0105 walki jednoczy\u0142a zniewolonych Afryka\u0144czyk\u00f3w.<\/span><\/p><p style=\"text-align: center;\"><span style=\"color: #000000;\">Kiedy w 1888 roku wesz\u0142o w \u017cycie \u201ez\u0142ote prawo\u201d likwiduj\u0105ce niewolnictwo dawni niewolnicy zostali bez \u015brodk\u00f3w do \u017cycia. Wielu z nich zesz\u0142o na z\u0142e drogi tworz\u0105c gangi i szerz\u0105c przest\u0119pczo\u015b\u0107 m.in. w Rio de Janeiro. W Bahia za\u015b Capoeristas (praktykuj\u0105cy capoeira) rozpowszechniali te sztuk\u0119 po\u0142\u0105czon\u0105\u00a0z ta\u0144cem, walk\u0105, \u015bpiewem i muzyk\u0105, a berimbau sta\u0142 si\u0119 podstawowym instrumentem w roda (ko\u0142o, w kt\u00f3rym odbywa si\u0119 walka).<\/span><\/p><p style=\"text-align: center;\"><span style=\"color: #000000;\">Do 1892 roku rodas odbywa\u0142y si\u0119 w tajemnicy, poniewa\u017c capoeira by\u0142a zakazana przez prawo. Mimo to nawet zwykli widzowie ch\u0119tnie zbierali si\u0119 na ulicachi podziwiali popisy walcz\u0105cych. Na pocz\u0105tku XX wieku capoeira by\u0142a nadal broni\u0105 wykorzystywan\u0105 przez bandyt\u00f3w w Rio i Recife, ale powoli zanika\u0142a zar\u00f3wno jako sztuka, jak i element kultury.<\/span><\/p>\t\t\t\t\t\t<\/div>\n\t\t\t\t<\/div>\n\t\t\t\t\t<\/div>\n\t\t<\/div>\n\t\t\t\t\t\t\t<\/div>\n\t\t<\/section>\n\t\t\t\t<section class=\"elementor-section elementor-top-section elementor-element elementor-element-129873f elementor-section-boxed elementor-section-height-default elementor-section-height-default\" data-id=\"129873f\" data-element_type=\"section\">\n\t\t\t\t\t\t<div class=\"elementor-container elementor-column-gap-default\">\n\t\t\t\t\t<div class=\"elementor-column elementor-col-100 elementor-top-column elementor-element elementor-element-a975e71\" data-id=\"a975e71\" data-element_type=\"column\">\n\t\t\t<div class=\"elementor-widget-wrap elementor-element-populated\">\n\t\t\t\t\t\t\t\t<div class=\"elementor-element elementor-element-b7509cd elementor-widget__width-inherit elementor-widget elementor-widget-image\" data-id=\"b7509cd\" data-element_type=\"widget\" data-widget_type=\"image.default\">\n\t\t\t\t<div class=\"elementor-widget-container\">\n\t\t\t<style>\/*! elementor - v3.13.3 - 28-05-2023 *\/\n.elementor-widget-image{text-align:center}.elementor-widget-image a{display:inline-block}.elementor-widget-image a img[src$=\".svg\"]{width:48px}.elementor-widget-image img{vertical-align:middle;display:inline-block}<\/style>\t\t\t\t\t\t\t\t\t\t\t\t<img decoding=\"async\" src=\"https:\/\/capoeirarudaslaska.pl\/wp-content\/uploads\/2023\/04\/a\u0080\u0094Pngtreea\u0080\u0094brazil-flag-with-grunge-brush_8533319.png\" title=\"\u00e2\u0080\u0094Pngtree\u00e2\u0080\u0094brazil flag with grunge brush_8533319\" alt=\"\u00e2\u0080\u0094Pngtree\u00e2\u0080\u0094brazil flag with grunge brush_8533319\" loading=\"lazy\" \/>\t\t\t\t\t\t\t\t\t\t\t\t\t\t\t<\/div>\n\t\t\t\t<\/div>\n\t\t\t\t\t<\/div>\n\t\t<\/div>\n\t\t\t\t\t\t\t<\/div>\n\t\t<\/section>\n\t\t\t\t<section class=\"elementor-section elementor-top-section elementor-element elementor-element-d6bf048 elementor-section-boxed elementor-section-height-default elementor-section-height-default\" data-id=\"d6bf048\" data-element_type=\"section\">\n\t\t\t\t\t\t<div class=\"elementor-container elementor-column-gap-default\">\n\t\t\t\t\t<div class=\"elementor-column elementor-col-100 elementor-top-column elementor-element elementor-element-1707010\" data-id=\"1707010\" data-element_type=\"column\">\n\t\t\t<div class=\"elementor-widget-wrap elementor-element-populated\">\n\t\t\t\t\t\t\t\t<div class=\"elementor-element elementor-element-c18611b elementor-widget elementor-widget-text-editor\" data-id=\"c18611b\" data-element_type=\"widget\" data-widget_type=\"text-editor.default\">\n\t\t\t\t<div class=\"elementor-widget-container\">\n\t\t\t\t\t\t\t<p style=\"text-align: center;\"><span style=\"color: #000000;\">Z czasem ustr\u00f3j w Brazylii zacz\u0105\u0142 si\u0119 zmienia\u0107 i zacz\u0105\u0142 si\u0119 ponowny rozkwit capoeira. <br \/>W 1932 roku w Salwadorze powsta\u0142a pierwsza akademia capoeira za\u0142o\u017cona przez Mestre Bimba. Od tego czasu naucza\u0142 w swoim Centro de Cultura F\u00edsica Regional Baiano. Stworzy\u0142 odr\u0119bny styl capoeira zwany regional. Do pocz\u0105tkowo nisko prowadzonej walki do\u0142\u0105czy\u0142 elementy karate, jiu-jitsu,\u00a0a tak\u017ce boksu, co sprawi\u0142o, \u017ce walka sta\u0142a si\u0119 du\u017co bardziej widowiskowa.<\/span><\/p><p style=\"text-align: center;\"><span style=\"color: #000000;\">Druga szko\u0142a powsta\u0142a w 1941 roku, a jej za\u0142o\u017cycielem by\u0142 Mestre Pastinha. Naucza\u0142 przede wszystkim Capoeira Angola \u2013 pierwotnej capoeira, znacznie bardziej nawi\u0105zuj\u0105cej do pocz\u0105tkowych styl\u00f3w. Od tego okresu capoeira stawa\u0142a si\u0119 narodowym sportem Brazylii. Nikt ju\u017c nie musia\u0142 si\u0119 ukrywa\u0107 podczas roda.<\/span><\/p><p style=\"text-align: center;\"><span style=\"color: #000000;\">Wraz ze wzrostem zainteresowania t\u0105 sztuk\u0105 walki i jej synkretyzmem tak wielu dziedzin (walka, muzyka, taniec, akrobatyka) Capoeira sta\u0142a si\u0119 obok pi\u0142ki no\u017cnej g\u0142\u00f3wnym znakiem brazylijskiej kultury.<\/span><\/p><p style=\"text-align: center;\"><span style=\"color: #000000;\">Wielu Mistrz\u00f3w Capoeira podr\u00f3\u017cuj\u0105c po \u015bwiecie propagowa\u0142o zar\u00f3wno sam\u0105 Capoeira jak i kultur\u0119 brazylijsk\u0105. Zacz\u0119to tworzy\u0107 Mi\u0119dzynarodowe Stowarzyszenia i Federacje. Fascynacja Capoeir\u0105 a tak\u017ce jej warto\u015bciami kulturowymi zosta\u0142a uznana przez Mi\u0119dzynarodowy Komitet UNESCO i tak Capoeira w dniu 26 listopada 2014 roku Roda de Capoeira zosta\u0142a wpisana na Mi\u0119dzynarodow\u0105 List\u0119 Dziedzictwa Niematerialnego UNESCO.<\/span><\/p>\t\t\t\t\t\t<\/div>\n\t\t\t\t<\/div>\n\t\t\t\t\t<\/div>\n\t\t<\/div>\n\t\t\t\t\t\t\t<\/div>\n\t\t<\/section>\n\t\t\t\t<section class=\"elementor-section elementor-top-section elementor-element elementor-element-ce4a59a elementor-section-boxed elementor-section-height-default elementor-section-height-default\" data-id=\"ce4a59a\" data-element_type=\"section\">\n\t\t\t\t\t\t<div class=\"elementor-container elementor-column-gap-default\">\n\t\t\t\t\t<div class=\"elementor-column elementor-col-100 elementor-top-column elementor-element elementor-element-8b37ae7\" data-id=\"8b37ae7\" data-element_type=\"column\">\n\t\t\t<div class=\"elementor-widget-wrap elementor-element-populated\">\n\t\t\t\t\t\t\t\t<div class=\"elementor-element elementor-element-5ac851a elementor-widget elementor-widget-spacer\" data-id=\"5ac851a\" data-element_type=\"widget\" data-widget_type=\"spacer.default\">\n\t\t\t\t<div class=\"elementor-widget-container\">\n\t\t\t<style>\/*! elementor - v3.13.3 - 28-05-2023 *\/\n.elementor-column .elementor-spacer-inner{height:var(--spacer-size)}.e-con{--container-widget-width:100%}.e-con-inner>.elementor-widget-spacer,.e-con>.elementor-widget-spacer{width:var(--container-widget-width,var(--spacer-size));--align-self:var(--container-widget-align-self,initial);--flex-shrink:0}.e-con-inner>.elementor-widget-spacer>.elementor-widget-container,.e-con-inner>.elementor-widget-spacer>.elementor-widget-container>.elementor-spacer,.e-con>.elementor-widget-spacer>.elementor-widget-container,.e-con>.elementor-widget-spacer>.elementor-widget-container>.elementor-spacer{height:100%}.e-con-inner>.elementor-widget-spacer>.elementor-widget-container>.elementor-spacer>.elementor-spacer-inner,.e-con>.elementor-widget-spacer>.elementor-widget-container>.elementor-spacer>.elementor-spacer-inner{height:var(--container-widget-height,var(--spacer-size))}<\/style>\t\t<div class=\"elementor-spacer\">\n\t\t\t<div class=\"elementor-spacer-inner\"><\/div>\n\t\t<\/div>\n\t\t\t\t<\/div>\n\t\t\t\t<\/div>\n\t\t\t\t\t<\/div>\n\t\t<\/div>\n\t\t\t\t\t\t\t<\/div>\n\t\t<\/section>\n\t\t\t\t<section class=\"elementor-section elementor-top-section elementor-element elementor-element-ac0c058 elementor-section-boxed elementor-section-height-default elementor-section-height-default\" data-id=\"ac0c058\" data-element_type=\"section\">\n\t\t\t\t\t\t<div class=\"elementor-container elementor-column-gap-default\">\n\t\t\t\t\t<div class=\"elementor-column elementor-col-100 elementor-top-column elementor-element elementor-element-795562c\" data-id=\"795562c\" data-element_type=\"column\">\n\t\t\t<div class=\"elementor-widget-wrap elementor-element-populated\">\n\t\t\t\t\t\t\t\t<div class=\"elementor-element elementor-element-772e554 elementor-widget elementor-widget-video\" data-id=\"772e554\" data-element_type=\"widget\" data-settings=\"{&quot;youtube_url&quot;:&quot;https:\\\/\\\/youtu.be\\\/Vhgot9H7vZw&quot;,&quot;video_type&quot;:&quot;youtube&quot;,&quot;controls&quot;:&quot;yes&quot;}\" data-widget_type=\"video.default\">\n\t\t\t\t<div class=\"elementor-widget-container\">\n\t\t\t<style>\/*! elementor - v3.13.3 - 28-05-2023 *\/\n.elementor-widget-video .elementor-widget-container{overflow:hidden;transform:translateZ(0)}.elementor-widget-video .elementor-wrapper{aspect-ratio:var(--video-aspect-ratio)}.elementor-widget-video .elementor-wrapper iframe,.elementor-widget-video .elementor-wrapper video{height:100%;width:100%;display:flex;border:none;background-color:#000}@supports not (aspect-ratio:1\/1){.elementor-widget-video .elementor-wrapper{position:relative;overflow:hidden;height:0;padding-bottom:calc(100% \/ var(--video-aspect-ratio))}.elementor-widget-video .elementor-wrapper iframe,.elementor-widget-video .elementor-wrapper video{position:absolute;top:0;right:0;bottom:0;left:0}}.elementor-widget-video .elementor-open-inline .elementor-custom-embed-image-overlay{position:absolute;top:0;left:0;width:100%;height:100%;background-size:cover;background-position:50%}.elementor-widget-video .elementor-custom-embed-image-overlay{cursor:pointer;text-align:center}.elementor-widget-video .elementor-custom-embed-image-overlay:hover .elementor-custom-embed-play i{opacity:1}.elementor-widget-video .elementor-custom-embed-image-overlay img{display:block;width:100%}.elementor-widget-video .e-hosted-video .elementor-video{-o-object-fit:cover;object-fit:cover}.e-con-inner>.elementor-widget-video,.e-con>.elementor-widget-video{width:var(--container-widget-width);--flex-grow:var(--container-widget-flex-grow)}<\/style>\t\t<div class=\"elementor-wrapper elementor-open-inline\">\n\t\t\t<div class=\"elementor-video\"><\/div>\t\t<\/div>\n\t\t\t\t<\/div>\n\t\t\t\t<\/div>\n\t\t\t\t\t<\/div>\n\t\t<\/div>\n\t\t\t\t\t\t\t<\/div>\n\t\t<\/section>\n\t\t\t\t<section class=\"elementor-section elementor-top-section elementor-element elementor-element-1d8c158 elementor-section-boxed elementor-section-height-default elementor-section-height-default\" data-id=\"1d8c158\" data-element_type=\"section\">\n\t\t\t\t\t\t<div class=\"elementor-container elementor-column-gap-default\">\n\t\t\t\t\t<div class=\"elementor-column elementor-col-100 elementor-top-column elementor-element elementor-element-4cd0d0a\" data-id=\"4cd0d0a\" data-element_type=\"column\">\n\t\t\t<div class=\"elementor-widget-wrap elementor-element-populated\">\n\t\t\t\t\t\t\t\t<div class=\"elementor-element elementor-element-e57cb70 elementor-widget elementor-widget-spacer\" data-id=\"e57cb70\" data-element_type=\"widget\" data-widget_type=\"spacer.default\">\n\t\t\t\t<div class=\"elementor-widget-container\">\n\t\t\t\t\t<div class=\"elementor-spacer\">\n\t\t\t<div class=\"elementor-spacer-inner\"><\/div>\n\t\t<\/div>\n\t\t\t\t<\/div>\n\t\t\t\t<\/div>\n\t\t\t\t\t<\/div>\n\t\t<\/div>\n\t\t\t\t\t\t\t<\/div>\n\t\t<\/section>\n\t\t\t\t\t\t\t<\/div>\n\t\t","protected":false},"excerpt":{"rendered":"<p>Korzenie tego fascynuj\u0105cego sportu si\u0119gaj\u0105 roku 1500, kiedy to Portugalczycy przybyli do Brazylii by zak\u0142ada\u0107 tam plantacje trzciny cukrowej i bawe\u0142ny. Przywie\u017ali oni ze sob\u0105 afryka\u0144skich niewolnik\u00f3w pochodz\u0105cych z r\u00f3\u017cnych plemion. Stanowili oni dla portugalczyk\u00f3w tani\u0105 si\u0142\u0119 robocz\u0105. Niewolnicy Ci prezentowali r\u00f3\u017cne kultury, kt\u00f3re z czasem zacz\u0119to ze sob\u0105 \u0142\u0105czy\u0107. Tak w\u0142a\u015bnie zacz\u0119\u0142a rodzi\u0107 si\u0119 <a href=\"https:\/\/capoeirarudaslaska.pl\/index.php\/capoeira\/\" class=\"more-link\">&#8230;<span class=\"screen-reader-text\">  Capoeira<\/span><\/a><\/p>\n","protected":false},"author":1,"featured_media":0,"parent":0,"menu_order":0,"comment_status":"closed","ping_status":"closed","template":"","meta":{"footnotes":""},"class_list":["post-324","page","type-page","status-publish","hentry"],"_links":{"self":[{"href":"https:\/\/capoeirarudaslaska.pl\/index.php\/wp-json\/wp\/v2\/pages\/324","targetHints":{"allow":["GET"]}}],"collection":[{"href":"https:\/\/capoeirarudaslaska.pl\/index.php\/wp-json\/wp\/v2\/pages"}],"about":[{"href":"https:\/\/capoeirarudaslaska.pl\/index.php\/wp-json\/wp\/v2\/types\/page"}],"author":[{"embeddable":true,"href":"https:\/\/capoeirarudaslaska.pl\/index.php\/wp-json\/wp\/v2\/users\/1"}],"replies":[{"embeddable":true,"href":"https:\/\/capoeirarudaslaska.pl\/index.php\/wp-json\/wp\/v2\/comments?post=324"}],"version-history":[{"count":19,"href":"https:\/\/capoeirarudaslaska.pl\/index.php\/wp-json\/wp\/v2\/pages\/324\/revisions"}],"predecessor-version":[{"id":610,"href":"https:\/\/capoeirarudaslaska.pl\/index.php\/wp-json\/wp\/v2\/pages\/324\/revisions\/610"}],"wp:attachment":[{"href":"https:\/\/capoeirarudaslaska.pl\/index.php\/wp-json\/wp\/v2\/media?parent=324"}],"curies":[{"name":"wp","href":"https:\/\/api.w.org\/{rel}","templated":true}]}}